{"id":2246,"date":"2020-04-16T10:32:20","date_gmt":"2020-04-16T08:32:20","guid":{"rendered":"https:\/\/site8.devtree.se\/about-skane-mollan\/"},"modified":"2021-10-05T16:23:28","modified_gmt":"2021-10-05T14:23:28","slug":"about-skane-mollan","status":"publish","type":"page","link":"https:\/\/www.skane-mollan.se\/en\/about-skane-mollan\/","title":{"rendered":"About Sk\u00e5ne-m\u00f6llan"},"content":{"rendered":"\t\t<div data-elementor-type=\"wp-page\" data-elementor-id=\"2246\" class=\"elementor elementor-2246 elementor-185\" data-elementor-post-type=\"page\">\n\t\t\t\t\t\t<section class=\"elementor-section elementor-top-section elementor-element elementor-element-0cdcd82 elementor-section-height-min-height elementor-section-boxed elementor-section-height-default elementor-section-items-middle\" data-id=\"0cdcd82\" data-element_type=\"section\" data-e-type=\"section\" data-settings=\"{&quot;background_background&quot;:&quot;video&quot;,&quot;background_video_link&quot;:&quot;https:\\\/\\\/youtu.be\\\/ZmXVdChiAZM&quot;,&quot;background_video_start&quot;:10,&quot;background_video_end&quot;:40,&quot;background_play_on_mobile&quot;:&quot;yes&quot;}\">\n\t\t\t\t\t\t\t\t<div class=\"elementor-background-video-container\">\n\t\t\t\t\t\t\t\t\t\t\t\t\t<div class=\"elementor-background-video-embed\" role=\"presentation\"><\/div>\n\t\t\t\t\t\t\t\t\t\t\t\t<\/div>\n\t\t\t\t\t\t\t\t<div class=\"elementor-container elementor-column-gap-no\">\n\t\t\t\t\t<div class=\"elementor-column elementor-col-100 elementor-top-column elementor-element elementor-element-5c4a063\" data-id=\"5c4a063\" data-element_type=\"column\" data-e-type=\"column\">\n\t\t\t<div class=\"elementor-widget-wrap\">\n\t\t\t\t\t\t\t<\/div>\n\t\t<\/div>\n\t\t\t\t\t<\/div>\n\t\t<\/section>\n\t\t\t\t<section class=\"elementor-section elementor-top-section elementor-element elementor-element-70d7e95 elementor-section-height-min-height elementor-section-boxed elementor-section-height-default elementor-section-items-middle\" data-id=\"70d7e95\" data-element_type=\"section\" data-e-type=\"section\">\n\t\t\t\t\t\t<div class=\"elementor-container elementor-column-gap-default\">\n\t\t\t\t\t<div class=\"elementor-column elementor-col-100 elementor-top-column elementor-element elementor-element-b6383f4\" data-id=\"b6383f4\" data-element_type=\"column\" data-e-type=\"column\">\n\t\t\t<div class=\"elementor-widget-wrap elementor-element-populated\">\n\t\t\t\t\t\t<div class=\"elementor-element elementor-element-ec81365 elementor-widget elementor-widget-heading\" data-id=\"ec81365\" data-element_type=\"widget\" data-e-type=\"widget\" data-widget_type=\"heading.default\">\n\t\t\t\t<div class=\"elementor-widget-container\">\n\t\t\t\t\t<h1 class=\"elementor-heading-title elementor-size-default\">About Sk\u00e5ne-m\u00f6llan<\/h1>\t\t\t\t<\/div>\n\t\t\t\t<\/div>\n\t\t\t\t<div class=\"elementor-element elementor-element-8f2d31a elementor-widget elementor-widget-text-editor\" data-id=\"8f2d31a\" data-element_type=\"widget\" data-e-type=\"widget\" data-widget_type=\"text-editor.default\">\n\t\t\t\t<div class=\"elementor-widget-container\">\n\t\t\t\t\t\t\t\t\t<p>The innovative Swedish mill<\/p>\n<p>Sk\u00e5ne-m\u00f6llan is located in the middle of rolling grain fields in T\u00e5garp located in the south of Sweden. Ever since the start in 1972, we have been producing high-quality flour and developing tailor-made products. Personal commitment and a flexible production line have made our small-scale mill an interesting alternative, or complement, to the larger flour suppliers.<\/p>\n\t\t\t\t\t\t\t\t<\/div>\n\t\t\t\t<\/div>\n\t\t\t\t\t<\/div>\n\t\t<\/div>\n\t\t\t\t\t<\/div>\n\t\t<\/section>\n\t\t\t\t<section class=\"elementor-section elementor-top-section elementor-element elementor-element-beb06a3 elementor-section-boxed elementor-section-height-default elementor-section-height-default\" data-id=\"beb06a3\" data-element_type=\"section\" data-e-type=\"section\">\n\t\t\t\t\t\t<div class=\"elementor-container elementor-column-gap-default\">\n\t\t\t\t\t<div class=\"elementor-column elementor-col-100 elementor-top-column elementor-element elementor-element-8d6873e\" data-id=\"8d6873e\" data-element_type=\"column\" data-e-type=\"column\">\n\t\t\t<div class=\"elementor-widget-wrap elementor-element-populated\">\n\t\t\t\t\t\t<div class=\"elementor-element elementor-element-a1c614a elementor-widget elementor-widget-heading\" data-id=\"a1c614a\" data-element_type=\"widget\" data-e-type=\"widget\" data-widget_type=\"heading.default\">\n\t\t\t\t<div class=\"elementor-widget-container\">\n\t\t\t\t\t<h4 class=\"elementor-heading-title elementor-size-default\">Continuously looking ahead<\/h4>\t\t\t\t<\/div>\n\t\t\t\t<\/div>\n\t\t\t\t<div class=\"elementor-element elementor-element-a622cbd elementor-widget elementor-widget-text-editor\" data-id=\"a622cbd\" data-element_type=\"widget\" data-e-type=\"widget\" data-widget_type=\"text-editor.default\">\n\t\t\t\t<div class=\"elementor-widget-container\">\n\t\t\t\t\t\t\t\t\t<p>Today we are one of the leading Swedish grain innovators. We tailor products for different applications and lines and have a production apparatus that allows smaller batches and the ability to mill each variety separately. In the original mill, we focus on flours of all kinds. In the oat mill, we process oats for consumers and industry. Over the years, we have developed unique technologies that have resulted in sustainable products with in-demand properties.<\/p>\n\t\t\t\t\t\t\t\t<\/div>\n\t\t\t\t<\/div>\n\t\t\t\t<div class=\"elementor-element elementor-element-c640300 elementor-widget elementor-widget-heading\" data-id=\"c640300\" data-element_type=\"widget\" data-e-type=\"widget\" data-widget_type=\"heading.default\">\n\t\t\t\t<div class=\"elementor-widget-container\">\n\t\t\t\t\t<h4 class=\"elementor-heading-title elementor-size-default\">Sustainability is quality<\/h4>\t\t\t\t<\/div>\n\t\t\t\t<\/div>\n\t\t\t\t<div class=\"elementor-element elementor-element-bfa7d4a elementor-widget elementor-widget-text-editor\" data-id=\"bfa7d4a\" data-element_type=\"widget\" data-e-type=\"widget\" data-widget_type=\"text-editor.default\">\n\t\t\t\t<div class=\"elementor-widget-container\">\n\t\t\t\t\t\t\t\t\t<p id=\"tw-target-text\" class=\"tw-data-text tw-text-large XcVN5d tw-ta\" dir=\"ltr\" data-placeholder=\"\u00d6vers\u00e4ttning\"><span class=\"Y2IQFc\" lang=\"en\">It is no coincidence that Sk\u00e5ne-m\u00f6llan is located in the middle of a high-producing grain area, surrounded by Sk\u00e5ne&#8217;s most fertile arable land. One of the cornerstones is not to be dependent on boat transports with imported grain, but instead to capture and refine the raw materials near the place where they are grown. Even today, 90% of the grain that Sk\u00e5ne-m\u00f6llan processes comes from contract farmers within a 100-km radius.<\/span><\/p>\n\t\t\t\t\t\t\t\t<\/div>\n\t\t\t\t<\/div>\n\t\t\t\t\t<\/div>\n\t\t<\/div>\n\t\t\t\t\t<\/div>\n\t\t<\/section>\n\t\t\t\t<\/div>\n\t\t","protected":false},"excerpt":{"rendered":"<p>The innovative Swedish mill Sk\u00e5ne-m\u00f6llan is located in the middle of rolling grain fields in T\u00e5garp located in the south of Sweden. Ever since the start in 1972, we have been producing high-quality flour and developing tailor-made products. Personal commitment and a flexible production line have made our small-scale mill an interesting alternative, or complement, [&hellip;]<\/p>\n","protected":false},"author":1,"featured_media":0,"parent":0,"menu_order":0,"comment_status":"closed","ping_status":"closed","template":"elementor_header_footer","meta":{"_acf_changed":false,"footnotes":""},"class_list":["post-2246","page","type-page","status-publish","hentry"],"acf":[],"yoast_head":"<!-- This site is optimized with the Yoast SEO plugin v27.5 - https:\/\/yoast.com\/product\/yoast-seo-wordpress\/ -->\n<title>About Sk\u00e5ne-m\u00f6llan &#8211; Sk\u00e5ne-m\u00f6llan<\/title>\n<meta name=\"description\" content=\"Sk\u00e5ne-m\u00f6llan is located in the middle of rolling grain fields in T\u00e5garp located in the south of Sweden. Ever since the start in 1972, we have been producing high-quality flour and developing tailor-made products. Personal commitment and a flexible production line have made our small-scale mill an interesting alternative, or complement, to the larger flour suppliers.\" \/>\n<meta name=\"robots\" content=\"index, follow, max-snippet:-1, max-image-preview:large, max-video-preview:-1\" \/>\n<link rel=\"canonical\" href=\"https:\/\/www.skane-mollan.se\/en\/about-skane-mollan\/\" \/>\n<meta property=\"og:locale\" content=\"en_US\" \/>\n<meta property=\"og:type\" content=\"article\" \/>\n<meta property=\"og:title\" content=\"About Sk\u00e5ne-m\u00f6llan &#8211; Sk\u00e5ne-m\u00f6llan\" \/>\n<meta property=\"og:description\" content=\"Sk\u00e5ne-m\u00f6llan is located in the middle of rolling grain fields in T\u00e5garp located in the south of Sweden. Ever since the start in 1972, we have been producing high-quality flour and developing tailor-made products. Personal commitment and a flexible production line have made our small-scale mill an interesting alternative, or complement, to the larger flour suppliers.\" \/>\n<meta property=\"og:url\" content=\"https:\/\/www.skane-mollan.se\/en\/about-skane-mollan\/\" \/>\n<meta property=\"og:site_name\" content=\"Sk\u00e5ne-m\u00f6llan\" \/>\n<meta property=\"article:modified_time\" content=\"2021-10-05T14:23:28+00:00\" \/>\n<meta name=\"twitter:card\" content=\"summary_large_image\" \/>\n<meta name=\"twitter:label1\" content=\"Est. reading time\" \/>\n\t<meta name=\"twitter:data1\" content=\"1 minute\" \/>\n<script type=\"application\/ld+json\" class=\"yoast-schema-graph\">{\"@context\":\"https:\\\/\\\/schema.org\",\"@graph\":[{\"@type\":\"WebPage\",\"@id\":\"https:\\\/\\\/www.skane-mollan.se\\\/en\\\/about-skane-mollan\\\/\",\"url\":\"https:\\\/\\\/www.skane-mollan.se\\\/en\\\/about-skane-mollan\\\/\",\"name\":\"About Sk\u00e5ne-m\u00f6llan &#8211; Sk\u00e5ne-m\u00f6llan\",\"isPartOf\":{\"@id\":\"https:\\\/\\\/www.skane-mollan.se\\\/en\\\/#website\"},\"datePublished\":\"2020-04-16T08:32:20+00:00\",\"dateModified\":\"2021-10-05T14:23:28+00:00\",\"description\":\"Sk\u00e5ne-m\u00f6llan is located in the middle of rolling grain fields in T\u00e5garp located in the south of Sweden. Ever since the start in 1972, we have been producing high-quality flour and developing tailor-made products. Personal commitment and a flexible production line have made our small-scale mill an interesting alternative, or complement, to the larger flour suppliers.\",\"breadcrumb\":{\"@id\":\"https:\\\/\\\/www.skane-mollan.se\\\/en\\\/about-skane-mollan\\\/#breadcrumb\"},\"inLanguage\":\"en-US\",\"potentialAction\":[{\"@type\":\"ReadAction\",\"target\":[\"https:\\\/\\\/www.skane-mollan.se\\\/en\\\/about-skane-mollan\\\/\"]}]},{\"@type\":\"BreadcrumbList\",\"@id\":\"https:\\\/\\\/www.skane-mollan.se\\\/en\\\/about-skane-mollan\\\/#breadcrumb\",\"itemListElement\":[{\"@type\":\"ListItem\",\"position\":1,\"name\":\"Home\",\"item\":\"https:\\\/\\\/www.skane-mollan.se\\\/en\\\/\"},{\"@type\":\"ListItem\",\"position\":2,\"name\":\"About Sk\u00e5ne-m\u00f6llan\"}]},{\"@type\":\"WebSite\",\"@id\":\"https:\\\/\\\/www.skane-mollan.se\\\/en\\\/#website\",\"url\":\"https:\\\/\\\/www.skane-mollan.se\\\/en\\\/\",\"name\":\"Sk\u00e5ne-m\u00f6llan\",\"description\":\"Mer \u00e4n bara mj\u00f6l\",\"publisher\":{\"@id\":\"https:\\\/\\\/www.skane-mollan.se\\\/en\\\/#organization\"},\"potentialAction\":[{\"@type\":\"SearchAction\",\"target\":{\"@type\":\"EntryPoint\",\"urlTemplate\":\"https:\\\/\\\/www.skane-mollan.se\\\/en\\\/?s={search_term_string}\"},\"query-input\":{\"@type\":\"PropertyValueSpecification\",\"valueRequired\":true,\"valueName\":\"search_term_string\"}}],\"inLanguage\":\"en-US\"},{\"@type\":\"Organization\",\"@id\":\"https:\\\/\\\/www.skane-mollan.se\\\/en\\\/#organization\",\"name\":\"Sk\u00e5ne-m\u00f6llan AB\",\"url\":\"https:\\\/\\\/www.skane-mollan.se\\\/en\\\/\",\"logo\":{\"@type\":\"ImageObject\",\"inLanguage\":\"en-US\",\"@id\":\"https:\\\/\\\/www.skane-mollan.se\\\/en\\\/#\\\/schema\\\/logo\\\/image\\\/\",\"url\":\"https:\\\/\\\/www.skane-mollan.se\\\/wp-content\\\/uploads\\\/2019\\\/12\\\/logo.png\",\"contentUrl\":\"https:\\\/\\\/www.skane-mollan.se\\\/wp-content\\\/uploads\\\/2019\\\/12\\\/logo.png\",\"width\":800,\"height\":190,\"caption\":\"Sk\u00e5ne-m\u00f6llan AB\"},\"image\":{\"@id\":\"https:\\\/\\\/www.skane-mollan.se\\\/en\\\/#\\\/schema\\\/logo\\\/image\\\/\"},\"sameAs\":[\"https:\\\/\\\/instagram.com\\\/skanemollan\",\"https:\\\/\\\/www.linkedin.com\\\/company\\\/33480911\"]}]}<\/script>\n<!-- \/ Yoast SEO plugin. -->","yoast_head_json":{"title":"About Sk\u00e5ne-m\u00f6llan &#8211; Sk\u00e5ne-m\u00f6llan","description":"Sk\u00e5ne-m\u00f6llan is located in the middle of rolling grain fields in T\u00e5garp located in the south of Sweden. Ever since the start in 1972, we have been producing high-quality flour and developing tailor-made products. Personal commitment and a flexible production line have made our small-scale mill an interesting alternative, or complement, to the larger flour suppliers.","robots":{"index":"index","follow":"follow","max-snippet":"max-snippet:-1","max-image-preview":"max-image-preview:large","max-video-preview":"max-video-preview:-1"},"canonical":"https:\/\/www.skane-mollan.se\/en\/about-skane-mollan\/","og_locale":"en_US","og_type":"article","og_title":"About Sk\u00e5ne-m\u00f6llan &#8211; Sk\u00e5ne-m\u00f6llan","og_description":"Sk\u00e5ne-m\u00f6llan is located in the middle of rolling grain fields in T\u00e5garp located in the south of Sweden. Ever since the start in 1972, we have been producing high-quality flour and developing tailor-made products. Personal commitment and a flexible production line have made our small-scale mill an interesting alternative, or complement, to the larger flour suppliers.","og_url":"https:\/\/www.skane-mollan.se\/en\/about-skane-mollan\/","og_site_name":"Sk\u00e5ne-m\u00f6llan","article_modified_time":"2021-10-05T14:23:28+00:00","twitter_card":"summary_large_image","twitter_misc":{"Est. reading time":"1 minute"},"schema":{"@context":"https:\/\/schema.org","@graph":[{"@type":"WebPage","@id":"https:\/\/www.skane-mollan.se\/en\/about-skane-mollan\/","url":"https:\/\/www.skane-mollan.se\/en\/about-skane-mollan\/","name":"About Sk\u00e5ne-m\u00f6llan &#8211; Sk\u00e5ne-m\u00f6llan","isPartOf":{"@id":"https:\/\/www.skane-mollan.se\/en\/#website"},"datePublished":"2020-04-16T08:32:20+00:00","dateModified":"2021-10-05T14:23:28+00:00","description":"Sk\u00e5ne-m\u00f6llan is located in the middle of rolling grain fields in T\u00e5garp located in the south of Sweden. Ever since the start in 1972, we have been producing high-quality flour and developing tailor-made products. Personal commitment and a flexible production line have made our small-scale mill an interesting alternative, or complement, to the larger flour suppliers.","breadcrumb":{"@id":"https:\/\/www.skane-mollan.se\/en\/about-skane-mollan\/#breadcrumb"},"inLanguage":"en-US","potentialAction":[{"@type":"ReadAction","target":["https:\/\/www.skane-mollan.se\/en\/about-skane-mollan\/"]}]},{"@type":"BreadcrumbList","@id":"https:\/\/www.skane-mollan.se\/en\/about-skane-mollan\/#breadcrumb","itemListElement":[{"@type":"ListItem","position":1,"name":"Home","item":"https:\/\/www.skane-mollan.se\/en\/"},{"@type":"ListItem","position":2,"name":"About Sk\u00e5ne-m\u00f6llan"}]},{"@type":"WebSite","@id":"https:\/\/www.skane-mollan.se\/en\/#website","url":"https:\/\/www.skane-mollan.se\/en\/","name":"Sk\u00e5ne-m\u00f6llan","description":"Mer \u00e4n bara mj\u00f6l","publisher":{"@id":"https:\/\/www.skane-mollan.se\/en\/#organization"},"potentialAction":[{"@type":"SearchAction","target":{"@type":"EntryPoint","urlTemplate":"https:\/\/www.skane-mollan.se\/en\/?s={search_term_string}"},"query-input":{"@type":"PropertyValueSpecification","valueRequired":true,"valueName":"search_term_string"}}],"inLanguage":"en-US"},{"@type":"Organization","@id":"https:\/\/www.skane-mollan.se\/en\/#organization","name":"Sk\u00e5ne-m\u00f6llan AB","url":"https:\/\/www.skane-mollan.se\/en\/","logo":{"@type":"ImageObject","inLanguage":"en-US","@id":"https:\/\/www.skane-mollan.se\/en\/#\/schema\/logo\/image\/","url":"https:\/\/www.skane-mollan.se\/wp-content\/uploads\/2019\/12\/logo.png","contentUrl":"https:\/\/www.skane-mollan.se\/wp-content\/uploads\/2019\/12\/logo.png","width":800,"height":190,"caption":"Sk\u00e5ne-m\u00f6llan AB"},"image":{"@id":"https:\/\/www.skane-mollan.se\/en\/#\/schema\/logo\/image\/"},"sameAs":["https:\/\/instagram.com\/skanemollan","https:\/\/www.linkedin.com\/company\/33480911"]}]}},"_links":{"self":[{"href":"https:\/\/www.skane-mollan.se\/en\/wp-json\/wp\/v2\/pages\/2246","targetHints":{"allow":["GET"]}}],"collection":[{"href":"https:\/\/www.skane-mollan.se\/en\/wp-json\/wp\/v2\/pages"}],"about":[{"href":"https:\/\/www.skane-mollan.se\/en\/wp-json\/wp\/v2\/types\/page"}],"author":[{"embeddable":true,"href":"https:\/\/www.skane-mollan.se\/en\/wp-json\/wp\/v2\/users\/1"}],"replies":[{"embeddable":true,"href":"https:\/\/www.skane-mollan.se\/en\/wp-json\/wp\/v2\/comments?post=2246"}],"version-history":[{"count":12,"href":"https:\/\/www.skane-mollan.se\/en\/wp-json\/wp\/v2\/pages\/2246\/revisions"}],"predecessor-version":[{"id":3371,"href":"https:\/\/www.skane-mollan.se\/en\/wp-json\/wp\/v2\/pages\/2246\/revisions\/3371"}],"wp:attachment":[{"href":"https:\/\/www.skane-mollan.se\/en\/wp-json\/wp\/v2\/media?parent=2246"}],"curies":[{"name":"wp","href":"https:\/\/api.w.org\/{rel}","templated":true}]}}