{"id":2442,"date":"2020-04-17T13:27:28","date_gmt":"2020-04-17T11:27:28","guid":{"rendered":"https:\/\/site8.devtree.se\/about-skane-mollan\/our-history\/"},"modified":"2022-02-08T15:59:36","modified_gmt":"2022-02-08T14:59:36","slug":"our-history","status":"publish","type":"page","link":"https:\/\/www.skane-mollan.se\/en\/about-skane-mollan\/our-history\/","title":{"rendered":"Our history"},"content":{"rendered":"\t\t<div data-elementor-type=\"wp-page\" data-elementor-id=\"2442\" class=\"elementor elementor-2442 elementor-19\" data-elementor-post-type=\"page\">\n\t\t\t\t\t\t<section class=\"elementor-section elementor-top-section elementor-element elementor-element-c83724c elementor-section-height-min-height elementor-section-boxed elementor-section-height-default elementor-section-items-middle\" data-id=\"c83724c\" data-element_type=\"section\" data-e-type=\"section\" data-settings=\"{&quot;background_background&quot;:&quot;classic&quot;}\">\n\t\t\t\t\t\t<div class=\"elementor-container elementor-column-gap-no\">\n\t\t\t\t\t<div class=\"elementor-column elementor-col-100 elementor-top-column elementor-element elementor-element-2083317\" data-id=\"2083317\" data-element_type=\"column\" data-e-type=\"column\">\n\t\t\t<div class=\"elementor-widget-wrap\">\n\t\t\t\t\t\t\t<\/div>\n\t\t<\/div>\n\t\t\t\t\t<\/div>\n\t\t<\/section>\n\t\t\t\t<section class=\"elementor-section elementor-top-section elementor-element elementor-element-1c7245d elementor-section-height-min-height elementor-section-boxed elementor-section-height-default elementor-section-items-middle\" data-id=\"1c7245d\" data-element_type=\"section\" data-e-type=\"section\">\n\t\t\t\t\t\t<div class=\"elementor-container elementor-column-gap-default\">\n\t\t\t\t\t<div class=\"elementor-column elementor-col-100 elementor-top-column elementor-element elementor-element-8c03868\" data-id=\"8c03868\" data-element_type=\"column\" data-e-type=\"column\">\n\t\t\t<div class=\"elementor-widget-wrap elementor-element-populated\">\n\t\t\t\t\t\t<div class=\"elementor-element elementor-element-dc7a829 elementor-widget elementor-widget-heading\" data-id=\"dc7a829\" data-element_type=\"widget\" data-e-type=\"widget\" data-widget_type=\"heading.default\">\n\t\t\t\t<div class=\"elementor-widget-container\">\n\t\t\t\t\t<h1 class=\"elementor-heading-title elementor-size-default\">Our history<\/h1>\t\t\t\t<\/div>\n\t\t\t\t<\/div>\n\t\t\t\t<div class=\"elementor-element elementor-element-79a3785 elementor-widget elementor-widget-text-editor\" data-id=\"79a3785\" data-element_type=\"widget\" data-e-type=\"widget\" data-widget_type=\"text-editor.default\">\n\t\t\t\t<div class=\"elementor-widget-container\">\n\t\t\t\t\t\t\t\t\t<p>As the mills in the middle of the sixties grew larger and at the same time became fewer and fewer, an idea was born at three millers in Sk\u00e5ne, Sweden. They wanted to create a mill that was small, efficient and with a high degree of innovation. This was contrary to the trend of the time &#8211; but would prove to be a smart move.<\/p>\n\t\t\t\t\t\t\t\t<\/div>\n\t\t\t\t<\/div>\n\t\t\t\t\t<\/div>\n\t\t<\/div>\n\t\t\t\t\t<\/div>\n\t\t<\/section>\n\t\t\t\t<section class=\"elementor-section elementor-top-section elementor-element elementor-element-d6e6d4e elementor-section-boxed elementor-section-height-default elementor-section-height-default\" data-id=\"d6e6d4e\" data-element_type=\"section\" data-e-type=\"section\">\n\t\t\t\t\t\t<div class=\"elementor-container elementor-column-gap-default\">\n\t\t\t\t\t<div class=\"elementor-column elementor-col-100 elementor-top-column elementor-element elementor-element-d6f452d\" data-id=\"d6f452d\" data-element_type=\"column\" data-e-type=\"column\">\n\t\t\t<div class=\"elementor-widget-wrap elementor-element-populated\">\n\t\t\t\t\t\t<div class=\"elementor-element elementor-element-15b5448 elementor-widget elementor-widget-heading\" data-id=\"15b5448\" data-element_type=\"widget\" data-e-type=\"widget\" data-widget_type=\"heading.default\">\n\t\t\t\t<div class=\"elementor-widget-container\">\n\t\t\t\t\t<h2 class=\"elementor-heading-title elementor-size-medium\">The first flour is delivered<\/h2>\t\t\t\t<\/div>\n\t\t\t\t<\/div>\n\t\t\t\t<div class=\"elementor-element elementor-element-eb0e26a elementor-widget elementor-widget-text-editor\" data-id=\"eb0e26a\" data-element_type=\"widget\" data-e-type=\"widget\" data-widget_type=\"text-editor.default\">\n\t\t\t\t<div class=\"elementor-widget-container\">\n\t\t\t\t\t\t\t\t\t<p>The food engineer Sten Persson, the mill master Evald Nilsson and the mill worker Nils J\u00f6nsson saw the opportunity to become a flixible and responsive resource for small and medium-sized bakeries and pastry-shops. The business was started in 1972 and right from the start the three millers dared to go against the grain by using a new unique kind of silos in steel and sheet metal instead of the traditional ones in concrete. The first delivery of flour, carefully milled in the new Golfetto mill, went to Enoch&#8217;s Bakery in B\u00e5stad.<\/p>\n\t\t\t\t\t\t\t\t<\/div>\n\t\t\t\t<\/div>\n\t\t\t\t<div class=\"elementor-element elementor-element-f5185ca elementor-widget elementor-widget-heading\" data-id=\"f5185ca\" data-element_type=\"widget\" data-e-type=\"widget\" data-widget_type=\"heading.default\">\n\t\t\t\t<div class=\"elementor-widget-container\">\n\t\t\t\t\t<h2 class=\"elementor-heading-title elementor-size-medium\">Right in time<\/h2>\t\t\t\t<\/div>\n\t\t\t\t<\/div>\n\t\t\t\t<div class=\"elementor-element elementor-element-fb953ed elementor-widget elementor-widget-text-editor\" data-id=\"fb953ed\" data-element_type=\"widget\" data-e-type=\"widget\" data-widget_type=\"text-editor.default\">\n\t\t\t\t<div class=\"elementor-widget-container\">\n\t\t\t\t\t\t\t\t\t<p>The original idea was to work with selected, nearby grain farmers. Even today, 90% of the grain that the Sk\u00e5ne-m\u00f6llan processes comes from contracted farmers within a 100-km radius. The idea was also to invest in innovation, development and flexibility. In this way, we could compete with the larger producers. Since the mill was started, Sk\u00e5ne-m\u00f6llan has grown steadily and today flour, custom-made products and its own innovations are delivered to bakeries, pastry-shops and food industries.<\/p>\n\t\t\t\t\t\t\t\t<\/div>\n\t\t\t\t<\/div>\n\t\t\t\t\t<\/div>\n\t\t<\/div>\n\t\t\t\t\t<\/div>\n\t\t<\/section>\n\t\t\t\t<section class=\"elementor-section elementor-top-section elementor-element elementor-element-adcb0b4 elementor-section-boxed elementor-section-height-default elementor-section-height-default\" data-id=\"adcb0b4\" data-element_type=\"section\" data-e-type=\"section\">\n\t\t\t\t\t\t<div class=\"elementor-container elementor-column-gap-default\">\n\t\t\t\t\t<div class=\"elementor-column elementor-col-100 elementor-top-column elementor-element elementor-element-b6cec77\" data-id=\"b6cec77\" data-element_type=\"column\" data-e-type=\"column\">\n\t\t\t<div class=\"elementor-widget-wrap elementor-element-populated\">\n\t\t\t\t\t\t<div class=\"elementor-element elementor-element-5d205a9 elementor-widget elementor-widget-gallery\" data-id=\"5d205a9\" data-element_type=\"widget\" data-e-type=\"widget\" data-settings=\"{&quot;gallery_layout&quot;:&quot;masonry&quot;,&quot;columns&quot;:2,&quot;lazyload&quot;:&quot;yes&quot;,&quot;columns_tablet&quot;:2,&quot;columns_mobile&quot;:1,&quot;gap&quot;:{&quot;unit&quot;:&quot;px&quot;,&quot;size&quot;:10,&quot;sizes&quot;:[]},&quot;gap_tablet&quot;:{&quot;unit&quot;:&quot;px&quot;,&quot;size&quot;:10,&quot;sizes&quot;:[]},&quot;gap_mobile&quot;:{&quot;unit&quot;:&quot;px&quot;,&quot;size&quot;:10,&quot;sizes&quot;:[]},&quot;link_to&quot;:&quot;file&quot;,&quot;overlay_background&quot;:&quot;yes&quot;,&quot;content_hover_animation&quot;:&quot;fade-in&quot;}\" data-widget_type=\"gallery.default\">\n\t\t\t\t<div class=\"elementor-widget-container\">\n\t\t\t\t\t\t\t<div class=\"elementor-gallery__container\">\n\t\t\t\t\t\t\t<a class=\"e-gallery-item elementor-gallery-item elementor-animated-content\" href=\"https:\/\/www.skane-mollan.se\/wp-content\/uploads\/2020\/04\/SP-EN.jpg\" data-elementor-open-lightbox=\"yes\" data-elementor-lightbox-slideshow=\"5d205a9\" data-elementor-lightbox-title=\"SP EN\" data-e-action-hash=\"#elementor-action%3Aaction%3Dlightbox%26settings%3DeyJpZCI6MjE3MiwidXJsIjoiaHR0cHM6XC9cL3d3dy5za2FuZS1tb2xsYW4uc2VcL3dwLWNvbnRlbnRcL3VwbG9hZHNcLzIwMjBcLzA0XC9TUC1FTi5qcGciLCJzbGlkZXNob3ciOiI1ZDIwNWE5In0%3D\">\n\t\t\t\t\t<div class=\"e-gallery-image elementor-gallery-item__image\" data-thumbnail=\"https:\/\/www.skane-mollan.se\/wp-content\/uploads\/2020\/04\/SP-EN.jpg\" data-width=\"533\" data-height=\"451\" aria-label=\"\" role=\"img\" ><\/div>\n\t\t\t\t\t\t\t\t\t\t\t<div class=\"elementor-gallery-item__overlay\"><\/div>\n\t\t\t\t\t\t\t\t\t\t\t\t\t\t<\/a>\n\t\t\t\t\t\t\t<a class=\"e-gallery-item elementor-gallery-item elementor-animated-content\" href=\"https:\/\/www.skane-mollan.se\/wp-content\/uploads\/2020\/04\/image010.jpg\" data-elementor-open-lightbox=\"yes\" data-elementor-lightbox-slideshow=\"5d205a9\" data-elementor-lightbox-title=\"image010\" data-e-action-hash=\"#elementor-action%3Aaction%3Dlightbox%26settings%3DeyJpZCI6MjE3MCwidXJsIjoiaHR0cHM6XC9cL3d3dy5za2FuZS1tb2xsYW4uc2VcL3dwLWNvbnRlbnRcL3VwbG9hZHNcLzIwMjBcLzA0XC9pbWFnZTAxMC5qcGciLCJzbGlkZXNob3ciOiI1ZDIwNWE5In0%3D\">\n\t\t\t\t\t<div class=\"e-gallery-image elementor-gallery-item__image\" data-thumbnail=\"https:\/\/www.skane-mollan.se\/wp-content\/uploads\/2020\/04\/image010.jpg\" data-width=\"459\" data-height=\"640\" aria-label=\"\" role=\"img\" ><\/div>\n\t\t\t\t\t\t\t\t\t\t\t<div class=\"elementor-gallery-item__overlay\"><\/div>\n\t\t\t\t\t\t\t\t\t\t\t\t\t\t<\/a>\n\t\t\t\t\t\t\t<a class=\"e-gallery-item elementor-gallery-item elementor-animated-content\" href=\"https:\/\/www.skane-mollan.se\/wp-content\/uploads\/2020\/04\/image008.jpg\" data-elementor-open-lightbox=\"yes\" data-elementor-lightbox-slideshow=\"5d205a9\" data-elementor-lightbox-title=\"image008\" data-e-action-hash=\"#elementor-action%3Aaction%3Dlightbox%26settings%3DeyJpZCI6MjE2OCwidXJsIjoiaHR0cHM6XC9cL3d3dy5za2FuZS1tb2xsYW4uc2VcL3dwLWNvbnRlbnRcL3VwbG9hZHNcLzIwMjBcLzA0XC9pbWFnZTAwOC5qcGciLCJzbGlkZXNob3ciOiI1ZDIwNWE5In0%3D\">\n\t\t\t\t\t<div class=\"e-gallery-image elementor-gallery-item__image\" data-thumbnail=\"https:\/\/www.skane-mollan.se\/wp-content\/uploads\/2020\/04\/image008.jpg\" data-width=\"640\" data-height=\"465\" aria-label=\"\" role=\"img\" ><\/div>\n\t\t\t\t\t\t\t\t\t\t\t<div class=\"elementor-gallery-item__overlay\"><\/div>\n\t\t\t\t\t\t\t\t\t\t\t\t\t\t<\/a>\n\t\t\t\t\t\t\t<a class=\"e-gallery-item elementor-gallery-item elementor-animated-content\" href=\"https:\/\/www.skane-mollan.se\/wp-content\/uploads\/2020\/04\/image007.jpg\" data-elementor-open-lightbox=\"yes\" data-elementor-lightbox-slideshow=\"5d205a9\" data-elementor-lightbox-title=\"image007\" data-e-action-hash=\"#elementor-action%3Aaction%3Dlightbox%26settings%3DeyJpZCI6MjE2NiwidXJsIjoiaHR0cHM6XC9cL3d3dy5za2FuZS1tb2xsYW4uc2VcL3dwLWNvbnRlbnRcL3VwbG9hZHNcLzIwMjBcLzA0XC9pbWFnZTAwNy5qcGciLCJzbGlkZXNob3ciOiI1ZDIwNWE5In0%3D\">\n\t\t\t\t\t<div class=\"e-gallery-image elementor-gallery-item__image\" data-thumbnail=\"https:\/\/www.skane-mollan.se\/wp-content\/uploads\/2020\/04\/image007.jpg\" data-width=\"640\" data-height=\"464\" aria-label=\"\" role=\"img\" ><\/div>\n\t\t\t\t\t\t\t\t\t\t\t<div class=\"elementor-gallery-item__overlay\"><\/div>\n\t\t\t\t\t\t\t\t\t\t\t\t\t\t<\/a>\n\t\t\t\t\t\t\t<a class=\"e-gallery-item elementor-gallery-item elementor-animated-content\" href=\"https:\/\/www.skane-mollan.se\/wp-content\/uploads\/2020\/04\/image002.jpg\" data-elementor-open-lightbox=\"yes\" data-elementor-lightbox-slideshow=\"5d205a9\" data-elementor-lightbox-title=\"image002\" data-e-action-hash=\"#elementor-action%3Aaction%3Dlightbox%26settings%3DeyJpZCI6MjE2NCwidXJsIjoiaHR0cHM6XC9cL3d3dy5za2FuZS1tb2xsYW4uc2VcL3dwLWNvbnRlbnRcL3VwbG9hZHNcLzIwMjBcLzA0XC9pbWFnZTAwMi5qcGciLCJzbGlkZXNob3ciOiI1ZDIwNWE5In0%3D\">\n\t\t\t\t\t<div class=\"e-gallery-image elementor-gallery-item__image\" data-thumbnail=\"https:\/\/www.skane-mollan.se\/wp-content\/uploads\/2020\/04\/image002.jpg\" data-width=\"523\" data-height=\"481\" aria-label=\"\" role=\"img\" ><\/div>\n\t\t\t\t\t\t\t\t\t\t\t<div class=\"elementor-gallery-item__overlay\"><\/div>\n\t\t\t\t\t\t\t\t\t\t\t\t\t\t<\/a>\n\t\t\t\t\t\t\t<a class=\"e-gallery-item elementor-gallery-item elementor-animated-content\" href=\"https:\/\/www.skane-mollan.se\/wp-content\/uploads\/2022\/02\/Tavla_bildmotivet-justerat.jpg\" data-elementor-open-lightbox=\"yes\" data-elementor-lightbox-slideshow=\"5d205a9\" data-elementor-lightbox-title=\"Tavla_bildmotivet justerat\" data-e-action-hash=\"#elementor-action%3Aaction%3Dlightbox%26settings%3DeyJpZCI6MzYwOSwidXJsIjoiaHR0cHM6XC9cL3d3dy5za2FuZS1tb2xsYW4uc2VcL3dwLWNvbnRlbnRcL3VwbG9hZHNcLzIwMjJcLzAyXC9UYXZsYV9iaWxkbW90aXZldC1qdXN0ZXJhdC5qcGciLCJzbGlkZXNob3ciOiI1ZDIwNWE5In0%3D\">\n\t\t\t\t\t<div class=\"e-gallery-image elementor-gallery-item__image\" data-thumbnail=\"https:\/\/www.skane-mollan.se\/wp-content\/uploads\/2022\/02\/Tavla_bildmotivet-justerat.jpg\" data-width=\"2331\" data-height=\"1646\" aria-label=\"\" role=\"img\" ><\/div>\n\t\t\t\t\t\t\t\t\t\t\t<div class=\"elementor-gallery-item__overlay\"><\/div>\n\t\t\t\t\t\t\t\t\t\t\t\t\t\t<\/a>\n\t\t\t\t\t<\/div>\n\t\t\t\t\t<\/div>\n\t\t\t\t<\/div>\n\t\t\t\t\t<\/div>\n\t\t<\/div>\n\t\t\t\t\t<\/div>\n\t\t<\/section>\n\t\t\t\t<\/div>\n\t\t","protected":false},"excerpt":{"rendered":"<p>Our history As the mills in the middle of the sixties grew larger and at the same time became fewer and fewer, an idea was born at three millers in Sk\u00e5ne, Sweden. They wanted to create a mill that was small, efficient and with a high degree of innovation. This was contrary to the trend [&hellip;]<\/p>\n","protected":false},"author":1,"featured_media":0,"parent":2246,"menu_order":0,"comment_status":"closed","ping_status":"closed","template":"elementor_header_footer","meta":{"_acf_changed":false,"footnotes":""},"class_list":["post-2442","page","type-page","status-publish","hentry"],"acf":[],"yoast_head":"<!-- This site is optimized with the Yoast SEO plugin v27.5 - https:\/\/yoast.com\/product\/yoast-seo-wordpress\/ -->\n<title>Our history &#8211; Sk\u00e5ne-m\u00f6llan<\/title>\n<meta name=\"robots\" content=\"index, follow, max-snippet:-1, max-image-preview:large, max-video-preview:-1\" \/>\n<link rel=\"canonical\" href=\"https:\/\/www.skane-mollan.se\/en\/about-skane-mollan\/our-history\/\" \/>\n<meta property=\"og:locale\" content=\"en_US\" \/>\n<meta property=\"og:type\" content=\"article\" \/>\n<meta property=\"og:title\" content=\"Our history &#8211; Sk\u00e5ne-m\u00f6llan\" \/>\n<meta property=\"og:description\" content=\"Our history As the mills in the middle of the sixties grew larger and at the same time became fewer and fewer, an idea was born at three millers in Sk\u00e5ne, Sweden. They wanted to create a mill that was small, efficient and with a high degree of innovation. This was contrary to the trend [&hellip;]\" \/>\n<meta property=\"og:url\" content=\"https:\/\/www.skane-mollan.se\/en\/about-skane-mollan\/our-history\/\" \/>\n<meta property=\"og:site_name\" content=\"Sk\u00e5ne-m\u00f6llan\" \/>\n<meta property=\"article:modified_time\" content=\"2022-02-08T14:59:36+00:00\" \/>\n<meta name=\"twitter:card\" content=\"summary_large_image\" \/>\n<meta name=\"twitter:label1\" content=\"Est. reading time\" \/>\n\t<meta name=\"twitter:data1\" content=\"2 minutes\" \/>\n<script type=\"application\/ld+json\" class=\"yoast-schema-graph\">{\"@context\":\"https:\\\/\\\/schema.org\",\"@graph\":[{\"@type\":\"WebPage\",\"@id\":\"https:\\\/\\\/www.skane-mollan.se\\\/en\\\/about-skane-mollan\\\/our-history\\\/\",\"url\":\"https:\\\/\\\/www.skane-mollan.se\\\/en\\\/about-skane-mollan\\\/our-history\\\/\",\"name\":\"Our history &#8211; Sk\u00e5ne-m\u00f6llan\",\"isPartOf\":{\"@id\":\"https:\\\/\\\/www.skane-mollan.se\\\/en\\\/#website\"},\"datePublished\":\"2020-04-17T11:27:28+00:00\",\"dateModified\":\"2022-02-08T14:59:36+00:00\",\"breadcrumb\":{\"@id\":\"https:\\\/\\\/www.skane-mollan.se\\\/en\\\/about-skane-mollan\\\/our-history\\\/#breadcrumb\"},\"inLanguage\":\"en-US\",\"potentialAction\":[{\"@type\":\"ReadAction\",\"target\":[\"https:\\\/\\\/www.skane-mollan.se\\\/en\\\/about-skane-mollan\\\/our-history\\\/\"]}]},{\"@type\":\"BreadcrumbList\",\"@id\":\"https:\\\/\\\/www.skane-mollan.se\\\/en\\\/about-skane-mollan\\\/our-history\\\/#breadcrumb\",\"itemListElement\":[{\"@type\":\"ListItem\",\"position\":1,\"name\":\"Home\",\"item\":\"https:\\\/\\\/www.skane-mollan.se\\\/en\\\/\"},{\"@type\":\"ListItem\",\"position\":2,\"name\":\"About Sk\u00e5ne-m\u00f6llan\",\"item\":\"https:\\\/\\\/www.skane-mollan.se\\\/en\\\/about-skane-mollan\\\/\"},{\"@type\":\"ListItem\",\"position\":3,\"name\":\"Our history\"}]},{\"@type\":\"WebSite\",\"@id\":\"https:\\\/\\\/www.skane-mollan.se\\\/en\\\/#website\",\"url\":\"https:\\\/\\\/www.skane-mollan.se\\\/en\\\/\",\"name\":\"Sk\u00e5ne-m\u00f6llan\",\"description\":\"Mer \u00e4n bara mj\u00f6l\",\"publisher\":{\"@id\":\"https:\\\/\\\/www.skane-mollan.se\\\/en\\\/#organization\"},\"potentialAction\":[{\"@type\":\"SearchAction\",\"target\":{\"@type\":\"EntryPoint\",\"urlTemplate\":\"https:\\\/\\\/www.skane-mollan.se\\\/en\\\/?s={search_term_string}\"},\"query-input\":{\"@type\":\"PropertyValueSpecification\",\"valueRequired\":true,\"valueName\":\"search_term_string\"}}],\"inLanguage\":\"en-US\"},{\"@type\":\"Organization\",\"@id\":\"https:\\\/\\\/www.skane-mollan.se\\\/en\\\/#organization\",\"name\":\"Sk\u00e5ne-m\u00f6llan AB\",\"url\":\"https:\\\/\\\/www.skane-mollan.se\\\/en\\\/\",\"logo\":{\"@type\":\"ImageObject\",\"inLanguage\":\"en-US\",\"@id\":\"https:\\\/\\\/www.skane-mollan.se\\\/en\\\/#\\\/schema\\\/logo\\\/image\\\/\",\"url\":\"https:\\\/\\\/www.skane-mollan.se\\\/wp-content\\\/uploads\\\/2019\\\/12\\\/logo.png\",\"contentUrl\":\"https:\\\/\\\/www.skane-mollan.se\\\/wp-content\\\/uploads\\\/2019\\\/12\\\/logo.png\",\"width\":800,\"height\":190,\"caption\":\"Sk\u00e5ne-m\u00f6llan AB\"},\"image\":{\"@id\":\"https:\\\/\\\/www.skane-mollan.se\\\/en\\\/#\\\/schema\\\/logo\\\/image\\\/\"},\"sameAs\":[\"https:\\\/\\\/instagram.com\\\/skanemollan\",\"https:\\\/\\\/www.linkedin.com\\\/company\\\/33480911\"]}]}<\/script>\n<!-- \/ Yoast SEO plugin. -->","yoast_head_json":{"title":"Our history &#8211; Sk\u00e5ne-m\u00f6llan","robots":{"index":"index","follow":"follow","max-snippet":"max-snippet:-1","max-image-preview":"max-image-preview:large","max-video-preview":"max-video-preview:-1"},"canonical":"https:\/\/www.skane-mollan.se\/en\/about-skane-mollan\/our-history\/","og_locale":"en_US","og_type":"article","og_title":"Our history &#8211; Sk\u00e5ne-m\u00f6llan","og_description":"Our history As the mills in the middle of the sixties grew larger and at the same time became fewer and fewer, an idea was born at three millers in Sk\u00e5ne, Sweden. They wanted to create a mill that was small, efficient and with a high degree of innovation. This was contrary to the trend [&hellip;]","og_url":"https:\/\/www.skane-mollan.se\/en\/about-skane-mollan\/our-history\/","og_site_name":"Sk\u00e5ne-m\u00f6llan","article_modified_time":"2022-02-08T14:59:36+00:00","twitter_card":"summary_large_image","twitter_misc":{"Est. reading time":"2 minutes"},"schema":{"@context":"https:\/\/schema.org","@graph":[{"@type":"WebPage","@id":"https:\/\/www.skane-mollan.se\/en\/about-skane-mollan\/our-history\/","url":"https:\/\/www.skane-mollan.se\/en\/about-skane-mollan\/our-history\/","name":"Our history &#8211; Sk\u00e5ne-m\u00f6llan","isPartOf":{"@id":"https:\/\/www.skane-mollan.se\/en\/#website"},"datePublished":"2020-04-17T11:27:28+00:00","dateModified":"2022-02-08T14:59:36+00:00","breadcrumb":{"@id":"https:\/\/www.skane-mollan.se\/en\/about-skane-mollan\/our-history\/#breadcrumb"},"inLanguage":"en-US","potentialAction":[{"@type":"ReadAction","target":["https:\/\/www.skane-mollan.se\/en\/about-skane-mollan\/our-history\/"]}]},{"@type":"BreadcrumbList","@id":"https:\/\/www.skane-mollan.se\/en\/about-skane-mollan\/our-history\/#breadcrumb","itemListElement":[{"@type":"ListItem","position":1,"name":"Home","item":"https:\/\/www.skane-mollan.se\/en\/"},{"@type":"ListItem","position":2,"name":"About Sk\u00e5ne-m\u00f6llan","item":"https:\/\/www.skane-mollan.se\/en\/about-skane-mollan\/"},{"@type":"ListItem","position":3,"name":"Our history"}]},{"@type":"WebSite","@id":"https:\/\/www.skane-mollan.se\/en\/#website","url":"https:\/\/www.skane-mollan.se\/en\/","name":"Sk\u00e5ne-m\u00f6llan","description":"Mer \u00e4n bara mj\u00f6l","publisher":{"@id":"https:\/\/www.skane-mollan.se\/en\/#organization"},"potentialAction":[{"@type":"SearchAction","target":{"@type":"EntryPoint","urlTemplate":"https:\/\/www.skane-mollan.se\/en\/?s={search_term_string}"},"query-input":{"@type":"PropertyValueSpecification","valueRequired":true,"valueName":"search_term_string"}}],"inLanguage":"en-US"},{"@type":"Organization","@id":"https:\/\/www.skane-mollan.se\/en\/#organization","name":"Sk\u00e5ne-m\u00f6llan AB","url":"https:\/\/www.skane-mollan.se\/en\/","logo":{"@type":"ImageObject","inLanguage":"en-US","@id":"https:\/\/www.skane-mollan.se\/en\/#\/schema\/logo\/image\/","url":"https:\/\/www.skane-mollan.se\/wp-content\/uploads\/2019\/12\/logo.png","contentUrl":"https:\/\/www.skane-mollan.se\/wp-content\/uploads\/2019\/12\/logo.png","width":800,"height":190,"caption":"Sk\u00e5ne-m\u00f6llan AB"},"image":{"@id":"https:\/\/www.skane-mollan.se\/en\/#\/schema\/logo\/image\/"},"sameAs":["https:\/\/instagram.com\/skanemollan","https:\/\/www.linkedin.com\/company\/33480911"]}]}},"_links":{"self":[{"href":"https:\/\/www.skane-mollan.se\/en\/wp-json\/wp\/v2\/pages\/2442","targetHints":{"allow":["GET"]}}],"collection":[{"href":"https:\/\/www.skane-mollan.se\/en\/wp-json\/wp\/v2\/pages"}],"about":[{"href":"https:\/\/www.skane-mollan.se\/en\/wp-json\/wp\/v2\/types\/page"}],"author":[{"embeddable":true,"href":"https:\/\/www.skane-mollan.se\/en\/wp-json\/wp\/v2\/users\/1"}],"replies":[{"embeddable":true,"href":"https:\/\/www.skane-mollan.se\/en\/wp-json\/wp\/v2\/comments?post=2442"}],"version-history":[{"count":10,"href":"https:\/\/www.skane-mollan.se\/en\/wp-json\/wp\/v2\/pages\/2442\/revisions"}],"predecessor-version":[{"id":3616,"href":"https:\/\/www.skane-mollan.se\/en\/wp-json\/wp\/v2\/pages\/2442\/revisions\/3616"}],"up":[{"embeddable":true,"href":"https:\/\/www.skane-mollan.se\/en\/wp-json\/wp\/v2\/pages\/2246"}],"wp:attachment":[{"href":"https:\/\/www.skane-mollan.se\/en\/wp-json\/wp\/v2\/media?parent=2442"}],"curies":[{"name":"wp","href":"https:\/\/api.w.org\/{rel}","templated":true}]}}