{"id":3266,"date":"2021-09-28T15:52:30","date_gmt":"2021-09-28T13:52:30","guid":{"rendered":"https:\/\/dev3.devtree.se\/about-skane-mollan\/business-concept\/"},"modified":"2021-10-06T16:53:10","modified_gmt":"2021-10-06T14:53:10","slug":"business-concept","status":"publish","type":"page","link":"https:\/\/www.skane-mollan.se\/en\/about-skane-mollan\/business-concept\/","title":{"rendered":"Business concept"},"content":{"rendered":"\t\t<div data-elementor-type=\"wp-page\" data-elementor-id=\"3266\" class=\"elementor elementor-3266 elementor-17\" data-elementor-post-type=\"page\">\n\t\t\t\t\t\t<section class=\"elementor-section elementor-top-section elementor-element elementor-element-320ccd1 elementor-section-height-min-height elementor-section-boxed elementor-section-height-default elementor-section-items-middle\" data-id=\"320ccd1\" data-element_type=\"section\" data-e-type=\"section\" data-settings=\"{&quot;background_background&quot;:&quot;classic&quot;}\">\n\t\t\t\t\t\t<div class=\"elementor-container elementor-column-gap-no\">\n\t\t\t\t\t<div class=\"elementor-column elementor-col-100 elementor-top-column elementor-element elementor-element-16d6ef7\" data-id=\"16d6ef7\" data-element_type=\"column\" data-e-type=\"column\">\n\t\t\t<div class=\"elementor-widget-wrap\">\n\t\t\t\t\t\t\t<\/div>\n\t\t<\/div>\n\t\t\t\t\t<\/div>\n\t\t<\/section>\n\t\t\t\t<section class=\"elementor-section elementor-top-section elementor-element elementor-element-6bb4e55 elementor-section-height-min-height elementor-section-boxed elementor-section-height-default elementor-section-items-middle\" data-id=\"6bb4e55\" data-element_type=\"section\" data-e-type=\"section\">\n\t\t\t\t\t\t<div class=\"elementor-container elementor-column-gap-default\">\n\t\t\t\t\t<div class=\"elementor-column elementor-col-100 elementor-top-column elementor-element elementor-element-713d599\" data-id=\"713d599\" data-element_type=\"column\" data-e-type=\"column\">\n\t\t\t<div class=\"elementor-widget-wrap elementor-element-populated\">\n\t\t\t\t\t\t<div class=\"elementor-element elementor-element-99b0f70 elementor-widget elementor-widget-heading\" data-id=\"99b0f70\" data-element_type=\"widget\" data-e-type=\"widget\" data-widget_type=\"heading.default\">\n\t\t\t\t<div class=\"elementor-widget-container\">\n\t\t\t\t\t<h1 class=\"elementor-heading-title elementor-size-default\">Our business concept<\/h1>\t\t\t\t<\/div>\n\t\t\t\t<\/div>\n\t\t\t\t<div class=\"elementor-element elementor-element-a6eb029 elementor-widget elementor-widget-text-editor\" data-id=\"a6eb029\" data-element_type=\"widget\" data-e-type=\"widget\" data-widget_type=\"text-editor.default\">\n\t\t\t\t<div class=\"elementor-widget-container\">\n\t\t\t\t\t\t\t\t\t<p>\u201cSk\u00e5ne-m\u00f6llan will deliver flour and cereal products that meet our customers needs.\u201d<\/p>\n\t\t\t\t\t\t\t\t<\/div>\n\t\t\t\t<\/div>\n\t\t\t\t\t<\/div>\n\t\t<\/div>\n\t\t\t\t\t<\/div>\n\t\t<\/section>\n\t\t\t\t<section class=\"elementor-section elementor-top-section elementor-element elementor-element-edbfa5e elementor-section-boxed elementor-section-height-default elementor-section-height-default\" data-id=\"edbfa5e\" data-element_type=\"section\" data-e-type=\"section\">\n\t\t\t\t\t\t<div class=\"elementor-container elementor-column-gap-default\">\n\t\t\t\t\t<div class=\"elementor-column elementor-col-100 elementor-top-column elementor-element elementor-element-8dc453b\" data-id=\"8dc453b\" data-element_type=\"column\" data-e-type=\"column\">\n\t\t\t<div class=\"elementor-widget-wrap elementor-element-populated\">\n\t\t\t\t\t\t<div class=\"elementor-element elementor-element-7c1045b elementor-widget elementor-widget-text-editor\" data-id=\"7c1045b\" data-element_type=\"widget\" data-e-type=\"widget\" data-widget_type=\"text-editor.default\">\n\t\t\t\t<div class=\"elementor-widget-container\">\n\t\t\t\t\t\t\t\t\t<p>Sk\u00e5ne-m\u00f6llan stands on five legs. The first is flours for the bakeries and food industry under the brand Sk\u00e5ne-m\u00f6llan, the second is flours for the consumer market where we produce private label products as well as products in our own brand M\u00f6llarens. The third leg is our trademark-protected TTT products ,that is, heat-treated products that, among other things, extend the freshness and sustainability of the bread. The fourth leg is our MWT products which are manufactured with microwave technology and the fifth is Steam milling treatment SMT, oats for the production of oatmeal, among other things.<\/p>\n\t\t\t\t\t\t\t\t<\/div>\n\t\t\t\t<\/div>\n\t\t\t\t\t<\/div>\n\t\t<\/div>\n\t\t\t\t\t<\/div>\n\t\t<\/section>\n\t\t\t\t<\/div>\n\t\t","protected":false},"excerpt":{"rendered":"<p>Our business concept \u201cSk\u00e5ne-m\u00f6llan will deliver flour and cereal products that meet our customers needs.\u201d Sk\u00e5ne-m\u00f6llan stands on five legs. The first is flours for the bakeries and food industry under the brand Sk\u00e5ne-m\u00f6llan, the second is flours for the consumer market where we produce private label products as well as products in our own [&hellip;]<\/p>\n","protected":false},"author":1,"featured_media":0,"parent":2246,"menu_order":0,"comment_status":"closed","ping_status":"closed","template":"elementor_header_footer","meta":{"_acf_changed":false,"footnotes":""},"class_list":["post-3266","page","type-page","status-publish","hentry"],"acf":[],"yoast_head":"<!-- This site is optimized with the Yoast SEO plugin v27.5 - https:\/\/yoast.com\/product\/yoast-seo-wordpress\/ -->\n<title>Business concept &#8211; Sk\u00e5ne-m\u00f6llan<\/title>\n<meta name=\"robots\" content=\"index, follow, max-snippet:-1, max-image-preview:large, max-video-preview:-1\" \/>\n<link rel=\"canonical\" href=\"https:\/\/www.skane-mollan.se\/en\/about-skane-mollan\/business-concept\/\" \/>\n<meta property=\"og:locale\" content=\"en_US\" \/>\n<meta property=\"og:type\" content=\"article\" \/>\n<meta property=\"og:title\" content=\"Business concept &#8211; Sk\u00e5ne-m\u00f6llan\" \/>\n<meta property=\"og:description\" content=\"Our business concept \u201cSk\u00e5ne-m\u00f6llan will deliver flour and cereal products that meet our customers needs.\u201d Sk\u00e5ne-m\u00f6llan stands on five legs. The first is flours for the bakeries and food industry under the brand Sk\u00e5ne-m\u00f6llan, the second is flours for the consumer market where we produce private label products as well as products in our own [&hellip;]\" \/>\n<meta property=\"og:url\" content=\"https:\/\/www.skane-mollan.se\/en\/about-skane-mollan\/business-concept\/\" \/>\n<meta property=\"og:site_name\" content=\"Sk\u00e5ne-m\u00f6llan\" \/>\n<meta property=\"article:modified_time\" content=\"2021-10-06T14:53:10+00:00\" \/>\n<meta name=\"twitter:card\" content=\"summary_large_image\" \/>\n<meta name=\"twitter:label1\" content=\"Est. reading time\" \/>\n\t<meta name=\"twitter:data1\" content=\"1 minute\" \/>\n<script type=\"application\/ld+json\" class=\"yoast-schema-graph\">{\"@context\":\"https:\\\/\\\/schema.org\",\"@graph\":[{\"@type\":\"WebPage\",\"@id\":\"https:\\\/\\\/www.skane-mollan.se\\\/en\\\/about-skane-mollan\\\/business-concept\\\/\",\"url\":\"https:\\\/\\\/www.skane-mollan.se\\\/en\\\/about-skane-mollan\\\/business-concept\\\/\",\"name\":\"Business concept &#8211; Sk\u00e5ne-m\u00f6llan\",\"isPartOf\":{\"@id\":\"https:\\\/\\\/www.skane-mollan.se\\\/en\\\/#website\"},\"datePublished\":\"2021-09-28T13:52:30+00:00\",\"dateModified\":\"2021-10-06T14:53:10+00:00\",\"breadcrumb\":{\"@id\":\"https:\\\/\\\/www.skane-mollan.se\\\/en\\\/about-skane-mollan\\\/business-concept\\\/#breadcrumb\"},\"inLanguage\":\"en-US\",\"potentialAction\":[{\"@type\":\"ReadAction\",\"target\":[\"https:\\\/\\\/www.skane-mollan.se\\\/en\\\/about-skane-mollan\\\/business-concept\\\/\"]}]},{\"@type\":\"BreadcrumbList\",\"@id\":\"https:\\\/\\\/www.skane-mollan.se\\\/en\\\/about-skane-mollan\\\/business-concept\\\/#breadcrumb\",\"itemListElement\":[{\"@type\":\"ListItem\",\"position\":1,\"name\":\"Home\",\"item\":\"https:\\\/\\\/www.skane-mollan.se\\\/en\\\/\"},{\"@type\":\"ListItem\",\"position\":2,\"name\":\"About Sk\u00e5ne-m\u00f6llan\",\"item\":\"https:\\\/\\\/www.skane-mollan.se\\\/en\\\/about-skane-mollan\\\/\"},{\"@type\":\"ListItem\",\"position\":3,\"name\":\"Business concept\"}]},{\"@type\":\"WebSite\",\"@id\":\"https:\\\/\\\/www.skane-mollan.se\\\/en\\\/#website\",\"url\":\"https:\\\/\\\/www.skane-mollan.se\\\/en\\\/\",\"name\":\"Sk\u00e5ne-m\u00f6llan\",\"description\":\"Mer \u00e4n bara mj\u00f6l\",\"publisher\":{\"@id\":\"https:\\\/\\\/www.skane-mollan.se\\\/en\\\/#organization\"},\"potentialAction\":[{\"@type\":\"SearchAction\",\"target\":{\"@type\":\"EntryPoint\",\"urlTemplate\":\"https:\\\/\\\/www.skane-mollan.se\\\/en\\\/?s={search_term_string}\"},\"query-input\":{\"@type\":\"PropertyValueSpecification\",\"valueRequired\":true,\"valueName\":\"search_term_string\"}}],\"inLanguage\":\"en-US\"},{\"@type\":\"Organization\",\"@id\":\"https:\\\/\\\/www.skane-mollan.se\\\/en\\\/#organization\",\"name\":\"Sk\u00e5ne-m\u00f6llan AB\",\"url\":\"https:\\\/\\\/www.skane-mollan.se\\\/en\\\/\",\"logo\":{\"@type\":\"ImageObject\",\"inLanguage\":\"en-US\",\"@id\":\"https:\\\/\\\/www.skane-mollan.se\\\/en\\\/#\\\/schema\\\/logo\\\/image\\\/\",\"url\":\"https:\\\/\\\/www.skane-mollan.se\\\/wp-content\\\/uploads\\\/2019\\\/12\\\/logo.png\",\"contentUrl\":\"https:\\\/\\\/www.skane-mollan.se\\\/wp-content\\\/uploads\\\/2019\\\/12\\\/logo.png\",\"width\":800,\"height\":190,\"caption\":\"Sk\u00e5ne-m\u00f6llan AB\"},\"image\":{\"@id\":\"https:\\\/\\\/www.skane-mollan.se\\\/en\\\/#\\\/schema\\\/logo\\\/image\\\/\"},\"sameAs\":[\"https:\\\/\\\/instagram.com\\\/skanemollan\",\"https:\\\/\\\/www.linkedin.com\\\/company\\\/33480911\"]}]}<\/script>\n<!-- \/ Yoast SEO plugin. -->","yoast_head_json":{"title":"Business concept &#8211; Sk\u00e5ne-m\u00f6llan","robots":{"index":"index","follow":"follow","max-snippet":"max-snippet:-1","max-image-preview":"max-image-preview:large","max-video-preview":"max-video-preview:-1"},"canonical":"https:\/\/www.skane-mollan.se\/en\/about-skane-mollan\/business-concept\/","og_locale":"en_US","og_type":"article","og_title":"Business concept &#8211; Sk\u00e5ne-m\u00f6llan","og_description":"Our business concept \u201cSk\u00e5ne-m\u00f6llan will deliver flour and cereal products that meet our customers needs.\u201d Sk\u00e5ne-m\u00f6llan stands on five legs. The first is flours for the bakeries and food industry under the brand Sk\u00e5ne-m\u00f6llan, the second is flours for the consumer market where we produce private label products as well as products in our own [&hellip;]","og_url":"https:\/\/www.skane-mollan.se\/en\/about-skane-mollan\/business-concept\/","og_site_name":"Sk\u00e5ne-m\u00f6llan","article_modified_time":"2021-10-06T14:53:10+00:00","twitter_card":"summary_large_image","twitter_misc":{"Est. reading time":"1 minute"},"schema":{"@context":"https:\/\/schema.org","@graph":[{"@type":"WebPage","@id":"https:\/\/www.skane-mollan.se\/en\/about-skane-mollan\/business-concept\/","url":"https:\/\/www.skane-mollan.se\/en\/about-skane-mollan\/business-concept\/","name":"Business concept &#8211; Sk\u00e5ne-m\u00f6llan","isPartOf":{"@id":"https:\/\/www.skane-mollan.se\/en\/#website"},"datePublished":"2021-09-28T13:52:30+00:00","dateModified":"2021-10-06T14:53:10+00:00","breadcrumb":{"@id":"https:\/\/www.skane-mollan.se\/en\/about-skane-mollan\/business-concept\/#breadcrumb"},"inLanguage":"en-US","potentialAction":[{"@type":"ReadAction","target":["https:\/\/www.skane-mollan.se\/en\/about-skane-mollan\/business-concept\/"]}]},{"@type":"BreadcrumbList","@id":"https:\/\/www.skane-mollan.se\/en\/about-skane-mollan\/business-concept\/#breadcrumb","itemListElement":[{"@type":"ListItem","position":1,"name":"Home","item":"https:\/\/www.skane-mollan.se\/en\/"},{"@type":"ListItem","position":2,"name":"About Sk\u00e5ne-m\u00f6llan","item":"https:\/\/www.skane-mollan.se\/en\/about-skane-mollan\/"},{"@type":"ListItem","position":3,"name":"Business concept"}]},{"@type":"WebSite","@id":"https:\/\/www.skane-mollan.se\/en\/#website","url":"https:\/\/www.skane-mollan.se\/en\/","name":"Sk\u00e5ne-m\u00f6llan","description":"Mer \u00e4n bara mj\u00f6l","publisher":{"@id":"https:\/\/www.skane-mollan.se\/en\/#organization"},"potentialAction":[{"@type":"SearchAction","target":{"@type":"EntryPoint","urlTemplate":"https:\/\/www.skane-mollan.se\/en\/?s={search_term_string}"},"query-input":{"@type":"PropertyValueSpecification","valueRequired":true,"valueName":"search_term_string"}}],"inLanguage":"en-US"},{"@type":"Organization","@id":"https:\/\/www.skane-mollan.se\/en\/#organization","name":"Sk\u00e5ne-m\u00f6llan AB","url":"https:\/\/www.skane-mollan.se\/en\/","logo":{"@type":"ImageObject","inLanguage":"en-US","@id":"https:\/\/www.skane-mollan.se\/en\/#\/schema\/logo\/image\/","url":"https:\/\/www.skane-mollan.se\/wp-content\/uploads\/2019\/12\/logo.png","contentUrl":"https:\/\/www.skane-mollan.se\/wp-content\/uploads\/2019\/12\/logo.png","width":800,"height":190,"caption":"Sk\u00e5ne-m\u00f6llan AB"},"image":{"@id":"https:\/\/www.skane-mollan.se\/en\/#\/schema\/logo\/image\/"},"sameAs":["https:\/\/instagram.com\/skanemollan","https:\/\/www.linkedin.com\/company\/33480911"]}]}},"_links":{"self":[{"href":"https:\/\/www.skane-mollan.se\/en\/wp-json\/wp\/v2\/pages\/3266","targetHints":{"allow":["GET"]}}],"collection":[{"href":"https:\/\/www.skane-mollan.se\/en\/wp-json\/wp\/v2\/pages"}],"about":[{"href":"https:\/\/www.skane-mollan.se\/en\/wp-json\/wp\/v2\/types\/page"}],"author":[{"embeddable":true,"href":"https:\/\/www.skane-mollan.se\/en\/wp-json\/wp\/v2\/users\/1"}],"replies":[{"embeddable":true,"href":"https:\/\/www.skane-mollan.se\/en\/wp-json\/wp\/v2\/comments?post=3266"}],"version-history":[{"count":5,"href":"https:\/\/www.skane-mollan.se\/en\/wp-json\/wp\/v2\/pages\/3266\/revisions"}],"predecessor-version":[{"id":3419,"href":"https:\/\/www.skane-mollan.se\/en\/wp-json\/wp\/v2\/pages\/3266\/revisions\/3419"}],"up":[{"embeddable":true,"href":"https:\/\/www.skane-mollan.se\/en\/wp-json\/wp\/v2\/pages\/2246"}],"wp:attachment":[{"href":"https:\/\/www.skane-mollan.se\/en\/wp-json\/wp\/v2\/media?parent=3266"}],"curies":[{"name":"wp","href":"https:\/\/api.w.org\/{rel}","templated":true}]}}