{"id":3485,"date":"2021-10-08T15:24:56","date_gmt":"2021-10-08T13:24:56","guid":{"rendered":"https:\/\/dev3.devtree.se\/privacy-policy\/"},"modified":"2021-10-08T15:24:57","modified_gmt":"2021-10-08T13:24:57","slug":"privacy-policy","status":"publish","type":"page","link":"https:\/\/www.skane-mollan.se\/en\/privacy-policy\/","title":{"rendered":"Privacy Policy"},"content":{"rendered":"\t\t<div data-elementor-type=\"wp-page\" data-elementor-id=\"3485\" class=\"elementor elementor-3485 elementor-3\" data-elementor-post-type=\"page\">\n\t\t\t\t\t\t<section class=\"elementor-section elementor-top-section elementor-element elementor-element-5b56412 elementor-section-boxed elementor-section-height-default elementor-section-height-default\" data-id=\"5b56412\" data-element_type=\"section\" data-e-type=\"section\">\n\t\t\t\t\t\t<div class=\"elementor-container elementor-column-gap-default\">\n\t\t\t\t\t<div class=\"elementor-column elementor-col-100 elementor-top-column elementor-element elementor-element-f750d2e\" data-id=\"f750d2e\" data-element_type=\"column\" data-e-type=\"column\">\n\t\t\t<div class=\"elementor-widget-wrap elementor-element-populated\">\n\t\t\t\t\t\t<div class=\"elementor-element elementor-element-65da5c9 elementor-widget elementor-widget-heading\" data-id=\"65da5c9\" data-element_type=\"widget\" data-e-type=\"widget\" data-widget_type=\"heading.default\">\n\t\t\t\t<div class=\"elementor-widget-container\">\n\t\t\t\t\t<h2 class=\"elementor-heading-title elementor-size-default\">Privacy Policy<\/h2>\t\t\t\t<\/div>\n\t\t\t\t<\/div>\n\t\t\t\t<div class=\"elementor-element elementor-element-26d0613 elementor-widget elementor-widget-text-editor\" data-id=\"26d0613\" data-element_type=\"widget\" data-e-type=\"widget\" data-widget_type=\"text-editor.default\">\n\t\t\t\t<div class=\"elementor-widget-container\">\n\t\t\t\t\t\t\t\t\t<p><strong>Information about the processing of personal data<\/strong><\/p>\n<p>In contacts with Sk\u00e5ne-m\u00f6llan, in some cases personal data is handed over. &#8220;Personal data&#8221; means all kinds of information that can be directly or indirectly attributed to a natural person who is alive.<\/p>\n<p>The visitor can voluntarily submit their personal information via our contact form.<\/p>\n<p><strong>When using the contact form, Sk\u00e5ne-m\u00f6llan collects the following personal information:<\/strong><\/p>\n<p>Name<br \/>\nPhone number<br \/>\nE-mail<\/p>\n<p>This website can usually be visited without collecting any personal data or similar information. We then only collect information that is used for statistical purposes and the visitor remains anonymous. Examples of such information are time for the visit, how long the visit lasts and which pages are visited.<\/p>\n<p>You can at any time revoke a consent that you have given to Sk\u00e5ne-m\u00f6llan. You revoke your consent by contacting Sk\u00e5ne-m\u00f6llan for which your purpose applies. In the event of such revocation of consent, Sk\u00e5ne-m\u00f6llan will cease to process your personal data for the purpose in question.<\/p>\n<p>If you have questions about the processing of personal data on our website, you are welcome to <a href=\"https:\/\/www.skane-mollan.se\/en\/contact\/\">contact us<\/a>.<\/p>\n\t\t\t\t\t\t\t\t<\/div>\n\t\t\t\t<\/div>\n\t\t\t\t\t<\/div>\n\t\t<\/div>\n\t\t\t\t\t<\/div>\n\t\t<\/section>\n\t\t\t\t<\/div>\n\t\t","protected":false},"excerpt":{"rendered":"<p>Information about the processing of personal data In contacts with Sk\u00e5ne-m\u00f6llan, in some cases personal data is handed over. &#8220;Personal data&#8221; means all kinds of information that can be directly or indirectly attributed to a natural person who is alive. The visitor can voluntarily submit their personal information via our contact form. When using the [&hellip;]<\/p>\n","protected":false},"author":1,"featured_media":0,"parent":0,"menu_order":0,"comment_status":"closed","ping_status":"closed","template":"elementor_header_footer","meta":{"_acf_changed":false,"footnotes":""},"class_list":["post-3485","page","type-page","status-publish","hentry"],"acf":[],"yoast_head":"<!-- This site is optimized with the Yoast SEO plugin v27.5 - https:\/\/yoast.com\/product\/yoast-seo-wordpress\/ -->\n<title>Privacy Policy &#8211; Sk\u00e5ne-m\u00f6llan<\/title>\n<meta name=\"robots\" content=\"index, follow, max-snippet:-1, max-image-preview:large, max-video-preview:-1\" \/>\n<link rel=\"canonical\" href=\"https:\/\/www.skane-mollan.se\/en\/privacy-policy\/\" \/>\n<meta property=\"og:locale\" content=\"en_US\" \/>\n<meta property=\"og:type\" content=\"article\" \/>\n<meta property=\"og:title\" content=\"Privacy Policy &#8211; Sk\u00e5ne-m\u00f6llan\" \/>\n<meta property=\"og:description\" content=\"Information about the processing of personal data In contacts with Sk\u00e5ne-m\u00f6llan, in some cases personal data is handed over. &#8220;Personal data&#8221; means all kinds of information that can be directly or indirectly attributed to a natural person who is alive. The visitor can voluntarily submit their personal information via our contact form. When using the [&hellip;]\" \/>\n<meta property=\"og:url\" content=\"https:\/\/www.skane-mollan.se\/en\/privacy-policy\/\" \/>\n<meta property=\"og:site_name\" content=\"Sk\u00e5ne-m\u00f6llan\" \/>\n<meta property=\"article:modified_time\" content=\"2021-10-08T13:24:57+00:00\" \/>\n<meta name=\"twitter:card\" content=\"summary_large_image\" \/>\n<meta name=\"twitter:label1\" content=\"Est. reading time\" \/>\n\t<meta name=\"twitter:data1\" content=\"1 minute\" \/>\n<script type=\"application\/ld+json\" class=\"yoast-schema-graph\">{\"@context\":\"https:\\\/\\\/schema.org\",\"@graph\":[{\"@type\":\"WebPage\",\"@id\":\"https:\\\/\\\/www.skane-mollan.se\\\/en\\\/privacy-policy\\\/\",\"url\":\"https:\\\/\\\/www.skane-mollan.se\\\/en\\\/privacy-policy\\\/\",\"name\":\"Privacy Policy &#8211; Sk\u00e5ne-m\u00f6llan\",\"isPartOf\":{\"@id\":\"https:\\\/\\\/www.skane-mollan.se\\\/en\\\/#website\"},\"datePublished\":\"2021-10-08T13:24:56+00:00\",\"dateModified\":\"2021-10-08T13:24:57+00:00\",\"breadcrumb\":{\"@id\":\"https:\\\/\\\/www.skane-mollan.se\\\/en\\\/privacy-policy\\\/#breadcrumb\"},\"inLanguage\":\"en-US\",\"potentialAction\":[{\"@type\":\"ReadAction\",\"target\":[\"https:\\\/\\\/www.skane-mollan.se\\\/en\\\/privacy-policy\\\/\"]}]},{\"@type\":\"BreadcrumbList\",\"@id\":\"https:\\\/\\\/www.skane-mollan.se\\\/en\\\/privacy-policy\\\/#breadcrumb\",\"itemListElement\":[{\"@type\":\"ListItem\",\"position\":1,\"name\":\"Home\",\"item\":\"https:\\\/\\\/www.skane-mollan.se\\\/en\\\/\"},{\"@type\":\"ListItem\",\"position\":2,\"name\":\"Privacy Policy\"}]},{\"@type\":\"WebSite\",\"@id\":\"https:\\\/\\\/www.skane-mollan.se\\\/en\\\/#website\",\"url\":\"https:\\\/\\\/www.skane-mollan.se\\\/en\\\/\",\"name\":\"Sk\u00e5ne-m\u00f6llan\",\"description\":\"Mer \u00e4n bara mj\u00f6l\",\"publisher\":{\"@id\":\"https:\\\/\\\/www.skane-mollan.se\\\/en\\\/#organization\"},\"potentialAction\":[{\"@type\":\"SearchAction\",\"target\":{\"@type\":\"EntryPoint\",\"urlTemplate\":\"https:\\\/\\\/www.skane-mollan.se\\\/en\\\/?s={search_term_string}\"},\"query-input\":{\"@type\":\"PropertyValueSpecification\",\"valueRequired\":true,\"valueName\":\"search_term_string\"}}],\"inLanguage\":\"en-US\"},{\"@type\":\"Organization\",\"@id\":\"https:\\\/\\\/www.skane-mollan.se\\\/en\\\/#organization\",\"name\":\"Sk\u00e5ne-m\u00f6llan AB\",\"url\":\"https:\\\/\\\/www.skane-mollan.se\\\/en\\\/\",\"logo\":{\"@type\":\"ImageObject\",\"inLanguage\":\"en-US\",\"@id\":\"https:\\\/\\\/www.skane-mollan.se\\\/en\\\/#\\\/schema\\\/logo\\\/image\\\/\",\"url\":\"https:\\\/\\\/www.skane-mollan.se\\\/wp-content\\\/uploads\\\/2019\\\/12\\\/logo.png\",\"contentUrl\":\"https:\\\/\\\/www.skane-mollan.se\\\/wp-content\\\/uploads\\\/2019\\\/12\\\/logo.png\",\"width\":800,\"height\":190,\"caption\":\"Sk\u00e5ne-m\u00f6llan AB\"},\"image\":{\"@id\":\"https:\\\/\\\/www.skane-mollan.se\\\/en\\\/#\\\/schema\\\/logo\\\/image\\\/\"},\"sameAs\":[\"https:\\\/\\\/instagram.com\\\/skanemollan\",\"https:\\\/\\\/www.linkedin.com\\\/company\\\/33480911\"]}]}<\/script>\n<!-- \/ Yoast SEO plugin. -->","yoast_head_json":{"title":"Privacy Policy &#8211; Sk\u00e5ne-m\u00f6llan","robots":{"index":"index","follow":"follow","max-snippet":"max-snippet:-1","max-image-preview":"max-image-preview:large","max-video-preview":"max-video-preview:-1"},"canonical":"https:\/\/www.skane-mollan.se\/en\/privacy-policy\/","og_locale":"en_US","og_type":"article","og_title":"Privacy Policy &#8211; Sk\u00e5ne-m\u00f6llan","og_description":"Information about the processing of personal data In contacts with Sk\u00e5ne-m\u00f6llan, in some cases personal data is handed over. &#8220;Personal data&#8221; means all kinds of information that can be directly or indirectly attributed to a natural person who is alive. The visitor can voluntarily submit their personal information via our contact form. When using the [&hellip;]","og_url":"https:\/\/www.skane-mollan.se\/en\/privacy-policy\/","og_site_name":"Sk\u00e5ne-m\u00f6llan","article_modified_time":"2021-10-08T13:24:57+00:00","twitter_card":"summary_large_image","twitter_misc":{"Est. reading time":"1 minute"},"schema":{"@context":"https:\/\/schema.org","@graph":[{"@type":"WebPage","@id":"https:\/\/www.skane-mollan.se\/en\/privacy-policy\/","url":"https:\/\/www.skane-mollan.se\/en\/privacy-policy\/","name":"Privacy Policy &#8211; Sk\u00e5ne-m\u00f6llan","isPartOf":{"@id":"https:\/\/www.skane-mollan.se\/en\/#website"},"datePublished":"2021-10-08T13:24:56+00:00","dateModified":"2021-10-08T13:24:57+00:00","breadcrumb":{"@id":"https:\/\/www.skane-mollan.se\/en\/privacy-policy\/#breadcrumb"},"inLanguage":"en-US","potentialAction":[{"@type":"ReadAction","target":["https:\/\/www.skane-mollan.se\/en\/privacy-policy\/"]}]},{"@type":"BreadcrumbList","@id":"https:\/\/www.skane-mollan.se\/en\/privacy-policy\/#breadcrumb","itemListElement":[{"@type":"ListItem","position":1,"name":"Home","item":"https:\/\/www.skane-mollan.se\/en\/"},{"@type":"ListItem","position":2,"name":"Privacy Policy"}]},{"@type":"WebSite","@id":"https:\/\/www.skane-mollan.se\/en\/#website","url":"https:\/\/www.skane-mollan.se\/en\/","name":"Sk\u00e5ne-m\u00f6llan","description":"Mer \u00e4n bara mj\u00f6l","publisher":{"@id":"https:\/\/www.skane-mollan.se\/en\/#organization"},"potentialAction":[{"@type":"SearchAction","target":{"@type":"EntryPoint","urlTemplate":"https:\/\/www.skane-mollan.se\/en\/?s={search_term_string}"},"query-input":{"@type":"PropertyValueSpecification","valueRequired":true,"valueName":"search_term_string"}}],"inLanguage":"en-US"},{"@type":"Organization","@id":"https:\/\/www.skane-mollan.se\/en\/#organization","name":"Sk\u00e5ne-m\u00f6llan AB","url":"https:\/\/www.skane-mollan.se\/en\/","logo":{"@type":"ImageObject","inLanguage":"en-US","@id":"https:\/\/www.skane-mollan.se\/en\/#\/schema\/logo\/image\/","url":"https:\/\/www.skane-mollan.se\/wp-content\/uploads\/2019\/12\/logo.png","contentUrl":"https:\/\/www.skane-mollan.se\/wp-content\/uploads\/2019\/12\/logo.png","width":800,"height":190,"caption":"Sk\u00e5ne-m\u00f6llan AB"},"image":{"@id":"https:\/\/www.skane-mollan.se\/en\/#\/schema\/logo\/image\/"},"sameAs":["https:\/\/instagram.com\/skanemollan","https:\/\/www.linkedin.com\/company\/33480911"]}]}},"_links":{"self":[{"href":"https:\/\/www.skane-mollan.se\/en\/wp-json\/wp\/v2\/pages\/3485","targetHints":{"allow":["GET"]}}],"collection":[{"href":"https:\/\/www.skane-mollan.se\/en\/wp-json\/wp\/v2\/pages"}],"about":[{"href":"https:\/\/www.skane-mollan.se\/en\/wp-json\/wp\/v2\/types\/page"}],"author":[{"embeddable":true,"href":"https:\/\/www.skane-mollan.se\/en\/wp-json\/wp\/v2\/users\/1"}],"replies":[{"embeddable":true,"href":"https:\/\/www.skane-mollan.se\/en\/wp-json\/wp\/v2\/comments?post=3485"}],"version-history":[{"count":1,"href":"https:\/\/www.skane-mollan.se\/en\/wp-json\/wp\/v2\/pages\/3485\/revisions"}],"predecessor-version":[{"id":3486,"href":"https:\/\/www.skane-mollan.se\/en\/wp-json\/wp\/v2\/pages\/3485\/revisions\/3486"}],"wp:attachment":[{"href":"https:\/\/www.skane-mollan.se\/en\/wp-json\/wp\/v2\/media?parent=3485"}],"curies":[{"name":"wp","href":"https:\/\/api.w.org\/{rel}","templated":true}]}}