{"id":3504,"date":"2021-10-08T15:42:27","date_gmt":"2021-10-08T13:42:27","guid":{"rendered":"https:\/\/dev3.devtree.se\/cookies\/"},"modified":"2021-10-08T15:42:28","modified_gmt":"2021-10-08T13:42:28","slug":"cookies","status":"publish","type":"page","link":"https:\/\/www.skane-mollan.se\/en\/cookies\/","title":{"rendered":"Cookies"},"content":{"rendered":"\t\t<div data-elementor-type=\"wp-page\" data-elementor-id=\"3504\" class=\"elementor elementor-3504 elementor-3489\" data-elementor-post-type=\"page\">\n\t\t\t\t\t\t<section class=\"elementor-section elementor-top-section elementor-element elementor-element-fb46558 elementor-section-boxed elementor-section-height-default elementor-section-height-default\" data-id=\"fb46558\" data-element_type=\"section\" data-e-type=\"section\">\n\t\t\t\t\t\t<div class=\"elementor-container elementor-column-gap-default\">\n\t\t\t\t\t<div class=\"elementor-column elementor-col-100 elementor-top-column elementor-element elementor-element-1dbedae\" data-id=\"1dbedae\" data-element_type=\"column\" data-e-type=\"column\">\n\t\t\t<div class=\"elementor-widget-wrap elementor-element-populated\">\n\t\t\t\t\t\t<div class=\"elementor-element elementor-element-0800dbe elementor-widget elementor-widget-heading\" data-id=\"0800dbe\" data-element_type=\"widget\" data-e-type=\"widget\" data-widget_type=\"heading.default\">\n\t\t\t\t<div class=\"elementor-widget-container\">\n\t\t\t\t\t<h2 class=\"elementor-heading-title elementor-size-default\">Cookies<\/h2>\t\t\t\t<\/div>\n\t\t\t\t<\/div>\n\t\t\t\t<div class=\"elementor-element elementor-element-c53623d elementor-widget elementor-widget-text-editor\" data-id=\"c53623d\" data-element_type=\"widget\" data-e-type=\"widget\" data-widget_type=\"text-editor.default\">\n\t\t\t\t<div class=\"elementor-widget-container\">\n\t\t\t\t\t\t\t\t\t<p>A cookie is a small text file that the website you are visiting requests to be stored on your computer.<\/p>\n<p>You decide how your computer handles cookies through the settings in your browser. See your browser&#8217;s help pages for more information on how to block or delete cookies.<\/p>\n<p>We use both first-party and third-party cookies for different purposes. Some of the cookies placed on your computer are deleted when you leave our website (session cookies) while others remain on your computer for up to 2 years so that the website can recognize you from time to time if you return (permanent cookies) .<\/p>\n<p>We do not register information about the visitor&#8217;s IP address, therefore the information about you can never be linked to your identity.<\/p>\n<p>We use cookies on our website to:<\/p>\n<p>Facilitate the use of the website and allow the pages to load quickly on your computer. (First-party session cookie)<br \/>\nUsing analytics tools such as Google Analytics (third-party session and permanent cookies) collect statistics about how our visitors move on the website, for example:<br \/>\n&#8211; If the visitor has been to the website before<br \/>\n&#8211; From where the visitor has clicked into our website<br \/>\n&#8211; Which pages are visited on the website<br \/>\n&#8211; How long the visit takes<br \/>\n&#8211; Which browser is used<\/p>\n<p>If you have questions about cookies on our website, you are welcome to <a href=\"https:\/\/www.skane-mollan.se\/en\/contact\/\">contact us<\/a>.<\/p>\n\t\t\t\t\t\t\t\t<\/div>\n\t\t\t\t<\/div>\n\t\t\t\t\t<\/div>\n\t\t<\/div>\n\t\t\t\t\t<\/div>\n\t\t<\/section>\n\t\t\t\t<\/div>\n\t\t","protected":false},"excerpt":{"rendered":"<p>Cookies A cookie is a small text file that the website you are visiting requests to be stored on your computer. You decide how your computer handles cookies through the settings in your browser. See your browser&#8217;s help pages for more information on how to block or delete cookies. We use both first-party and third-party [&hellip;]<\/p>\n","protected":false},"author":1,"featured_media":0,"parent":0,"menu_order":0,"comment_status":"closed","ping_status":"closed","template":"elementor_header_footer","meta":{"_acf_changed":false,"footnotes":""},"class_list":["post-3504","page","type-page","status-publish","hentry"],"acf":[],"yoast_head":"<!-- This site is optimized with the Yoast SEO plugin v27.4 - https:\/\/yoast.com\/product\/yoast-seo-wordpress\/ -->\n<title>Cookies &#8211; Sk\u00e5ne-m\u00f6llan<\/title>\n<meta name=\"robots\" content=\"index, follow, max-snippet:-1, max-image-preview:large, max-video-preview:-1\" \/>\n<link rel=\"canonical\" href=\"https:\/\/www.skane-mollan.se\/en\/cookies\/\" \/>\n<meta property=\"og:locale\" content=\"en_US\" \/>\n<meta property=\"og:type\" content=\"article\" \/>\n<meta property=\"og:title\" content=\"Cookies &#8211; Sk\u00e5ne-m\u00f6llan\" \/>\n<meta property=\"og:description\" content=\"Cookies A cookie is a small text file that the website you are visiting requests to be stored on your computer. You decide how your computer handles cookies through the settings in your browser. See your browser&#8217;s help pages for more information on how to block or delete cookies. We use both first-party and third-party [&hellip;]\" \/>\n<meta property=\"og:url\" content=\"https:\/\/www.skane-mollan.se\/en\/cookies\/\" \/>\n<meta property=\"og:site_name\" content=\"Sk\u00e5ne-m\u00f6llan\" \/>\n<meta property=\"article:modified_time\" content=\"2021-10-08T13:42:28+00:00\" \/>\n<meta name=\"twitter:card\" content=\"summary_large_image\" \/>\n<meta name=\"twitter:label1\" content=\"Est. reading time\" \/>\n\t<meta name=\"twitter:data1\" content=\"1 minute\" \/>\n<script type=\"application\/ld+json\" class=\"yoast-schema-graph\">{\"@context\":\"https:\\\/\\\/schema.org\",\"@graph\":[{\"@type\":\"WebPage\",\"@id\":\"https:\\\/\\\/www.skane-mollan.se\\\/en\\\/cookies\\\/\",\"url\":\"https:\\\/\\\/www.skane-mollan.se\\\/en\\\/cookies\\\/\",\"name\":\"Cookies &#8211; Sk\u00e5ne-m\u00f6llan\",\"isPartOf\":{\"@id\":\"https:\\\/\\\/www.skane-mollan.se\\\/en\\\/#website\"},\"datePublished\":\"2021-10-08T13:42:27+00:00\",\"dateModified\":\"2021-10-08T13:42:28+00:00\",\"breadcrumb\":{\"@id\":\"https:\\\/\\\/www.skane-mollan.se\\\/en\\\/cookies\\\/#breadcrumb\"},\"inLanguage\":\"en-US\",\"potentialAction\":[{\"@type\":\"ReadAction\",\"target\":[\"https:\\\/\\\/www.skane-mollan.se\\\/en\\\/cookies\\\/\"]}]},{\"@type\":\"BreadcrumbList\",\"@id\":\"https:\\\/\\\/www.skane-mollan.se\\\/en\\\/cookies\\\/#breadcrumb\",\"itemListElement\":[{\"@type\":\"ListItem\",\"position\":1,\"name\":\"Home\",\"item\":\"https:\\\/\\\/www.skane-mollan.se\\\/en\\\/\"},{\"@type\":\"ListItem\",\"position\":2,\"name\":\"Cookies\"}]},{\"@type\":\"WebSite\",\"@id\":\"https:\\\/\\\/www.skane-mollan.se\\\/en\\\/#website\",\"url\":\"https:\\\/\\\/www.skane-mollan.se\\\/en\\\/\",\"name\":\"Sk\u00e5ne-m\u00f6llan\",\"description\":\"Mer \u00e4n bara mj\u00f6l\",\"publisher\":{\"@id\":\"https:\\\/\\\/www.skane-mollan.se\\\/en\\\/#organization\"},\"potentialAction\":[{\"@type\":\"SearchAction\",\"target\":{\"@type\":\"EntryPoint\",\"urlTemplate\":\"https:\\\/\\\/www.skane-mollan.se\\\/en\\\/?s={search_term_string}\"},\"query-input\":{\"@type\":\"PropertyValueSpecification\",\"valueRequired\":true,\"valueName\":\"search_term_string\"}}],\"inLanguage\":\"en-US\"},{\"@type\":\"Organization\",\"@id\":\"https:\\\/\\\/www.skane-mollan.se\\\/en\\\/#organization\",\"name\":\"Sk\u00e5ne-m\u00f6llan AB\",\"url\":\"https:\\\/\\\/www.skane-mollan.se\\\/en\\\/\",\"logo\":{\"@type\":\"ImageObject\",\"inLanguage\":\"en-US\",\"@id\":\"https:\\\/\\\/www.skane-mollan.se\\\/en\\\/#\\\/schema\\\/logo\\\/image\\\/\",\"url\":\"https:\\\/\\\/www.skane-mollan.se\\\/wp-content\\\/uploads\\\/2019\\\/12\\\/logo.png\",\"contentUrl\":\"https:\\\/\\\/www.skane-mollan.se\\\/wp-content\\\/uploads\\\/2019\\\/12\\\/logo.png\",\"width\":800,\"height\":190,\"caption\":\"Sk\u00e5ne-m\u00f6llan AB\"},\"image\":{\"@id\":\"https:\\\/\\\/www.skane-mollan.se\\\/en\\\/#\\\/schema\\\/logo\\\/image\\\/\"},\"sameAs\":[\"https:\\\/\\\/instagram.com\\\/skanemollan\",\"https:\\\/\\\/www.linkedin.com\\\/company\\\/33480911\"]}]}<\/script>\n<!-- \/ Yoast SEO plugin. -->","yoast_head_json":{"title":"Cookies &#8211; Sk\u00e5ne-m\u00f6llan","robots":{"index":"index","follow":"follow","max-snippet":"max-snippet:-1","max-image-preview":"max-image-preview:large","max-video-preview":"max-video-preview:-1"},"canonical":"https:\/\/www.skane-mollan.se\/en\/cookies\/","og_locale":"en_US","og_type":"article","og_title":"Cookies &#8211; Sk\u00e5ne-m\u00f6llan","og_description":"Cookies A cookie is a small text file that the website you are visiting requests to be stored on your computer. You decide how your computer handles cookies through the settings in your browser. See your browser&#8217;s help pages for more information on how to block or delete cookies. We use both first-party and third-party [&hellip;]","og_url":"https:\/\/www.skane-mollan.se\/en\/cookies\/","og_site_name":"Sk\u00e5ne-m\u00f6llan","article_modified_time":"2021-10-08T13:42:28+00:00","twitter_card":"summary_large_image","twitter_misc":{"Est. reading time":"1 minute"},"schema":{"@context":"https:\/\/schema.org","@graph":[{"@type":"WebPage","@id":"https:\/\/www.skane-mollan.se\/en\/cookies\/","url":"https:\/\/www.skane-mollan.se\/en\/cookies\/","name":"Cookies &#8211; Sk\u00e5ne-m\u00f6llan","isPartOf":{"@id":"https:\/\/www.skane-mollan.se\/en\/#website"},"datePublished":"2021-10-08T13:42:27+00:00","dateModified":"2021-10-08T13:42:28+00:00","breadcrumb":{"@id":"https:\/\/www.skane-mollan.se\/en\/cookies\/#breadcrumb"},"inLanguage":"en-US","potentialAction":[{"@type":"ReadAction","target":["https:\/\/www.skane-mollan.se\/en\/cookies\/"]}]},{"@type":"BreadcrumbList","@id":"https:\/\/www.skane-mollan.se\/en\/cookies\/#breadcrumb","itemListElement":[{"@type":"ListItem","position":1,"name":"Home","item":"https:\/\/www.skane-mollan.se\/en\/"},{"@type":"ListItem","position":2,"name":"Cookies"}]},{"@type":"WebSite","@id":"https:\/\/www.skane-mollan.se\/en\/#website","url":"https:\/\/www.skane-mollan.se\/en\/","name":"Sk\u00e5ne-m\u00f6llan","description":"Mer \u00e4n bara mj\u00f6l","publisher":{"@id":"https:\/\/www.skane-mollan.se\/en\/#organization"},"potentialAction":[{"@type":"SearchAction","target":{"@type":"EntryPoint","urlTemplate":"https:\/\/www.skane-mollan.se\/en\/?s={search_term_string}"},"query-input":{"@type":"PropertyValueSpecification","valueRequired":true,"valueName":"search_term_string"}}],"inLanguage":"en-US"},{"@type":"Organization","@id":"https:\/\/www.skane-mollan.se\/en\/#organization","name":"Sk\u00e5ne-m\u00f6llan AB","url":"https:\/\/www.skane-mollan.se\/en\/","logo":{"@type":"ImageObject","inLanguage":"en-US","@id":"https:\/\/www.skane-mollan.se\/en\/#\/schema\/logo\/image\/","url":"https:\/\/www.skane-mollan.se\/wp-content\/uploads\/2019\/12\/logo.png","contentUrl":"https:\/\/www.skane-mollan.se\/wp-content\/uploads\/2019\/12\/logo.png","width":800,"height":190,"caption":"Sk\u00e5ne-m\u00f6llan AB"},"image":{"@id":"https:\/\/www.skane-mollan.se\/en\/#\/schema\/logo\/image\/"},"sameAs":["https:\/\/instagram.com\/skanemollan","https:\/\/www.linkedin.com\/company\/33480911"]}]}},"_links":{"self":[{"href":"https:\/\/www.skane-mollan.se\/en\/wp-json\/wp\/v2\/pages\/3504","targetHints":{"allow":["GET"]}}],"collection":[{"href":"https:\/\/www.skane-mollan.se\/en\/wp-json\/wp\/v2\/pages"}],"about":[{"href":"https:\/\/www.skane-mollan.se\/en\/wp-json\/wp\/v2\/types\/page"}],"author":[{"embeddable":true,"href":"https:\/\/www.skane-mollan.se\/en\/wp-json\/wp\/v2\/users\/1"}],"replies":[{"embeddable":true,"href":"https:\/\/www.skane-mollan.se\/en\/wp-json\/wp\/v2\/comments?post=3504"}],"version-history":[{"count":1,"href":"https:\/\/www.skane-mollan.se\/en\/wp-json\/wp\/v2\/pages\/3504\/revisions"}],"predecessor-version":[{"id":3505,"href":"https:\/\/www.skane-mollan.se\/en\/wp-json\/wp\/v2\/pages\/3504\/revisions\/3505"}],"wp:attachment":[{"href":"https:\/\/www.skane-mollan.se\/en\/wp-json\/wp\/v2\/media?parent=3504"}],"curies":[{"name":"wp","href":"https:\/\/api.w.org\/{rel}","templated":true}]}}